{"id":291,"date":"2023-10-05T06:22:15","date_gmt":"2023-10-05T06:22:15","guid":{"rendered":"http:\/\/192.168.1.113\/projects\/towncenter\/sainroghanna-fianan\/"},"modified":"2024-02-07T10:57:07","modified_gmt":"2024-02-07T10:57:07","slug":"roghanna-maidir-le-fianain","status":"publish","type":"page","link":"https:\/\/towncentrefirst.ie\/ga\/roghanna-maidir-le-fianain\/","title":{"rendered":"Roghanna maidir le Fian\u00e1in"},"content":{"rendered":"<h6><strong>Roghanna maidir le Fian\u00e1in<\/strong><\/h6>\n<p><strong>R\u00e9amhr<\/strong><strong><\/strong><\/p>\n<p>T\u00e1 ardmheas againn ar \u00e1r gcuairteoir\u00ed agus chun feidhmi\u00fa barrmhaith l\u00e1ithre\u00e1n Gr\u00e9as\u00e1in Town Centre First a chinnti\u00fa d\u00f3ibh mar aon le heisp\u00e9ireas gan str\u00f3, bainimid \u00fas\u00e1id as comhaid bheaga sonra\u00ed ar a dtugtar fian\u00e1in ar do ghl\u00e9as.<\/p>\n<p><strong>Cad is Fian\u00e1n ann?<\/strong><strong><\/strong><\/p>\n<p>Is \u00e9ard at\u00e1 i bhfian\u00e1n n\u00e1 dl\u00fathchomhad t\u00e9acs a st\u00f3r\u00e1lann su\u00edomh Gr\u00e9as\u00e1in ar do r\u00edomhaire n\u00f3 ar do ghl\u00e9as soghluaiste nuair a thugann t\u00fa cuairt ar an su\u00edomh. Ina dhiaidh sin, ar gach cuairt fillte, seoltar na fian\u00e1in seo ar ais chuig an su\u00edomh Gr\u00e9as\u00e1in tionscnaimh n\u00f3 chuig su\u00edomh Gr\u00e9as\u00e1in eile a aithn\u00edonn an fian\u00e1n c\u00e9anna. Cuid\u00edonn an pr\u00f3iseas seo le loga a chruth\u00fa de ghn\u00edomha\u00edochta\u00ed an \u00fas\u00e1ideora ar l\u00edne. F\u00e9adfar fian\u00e1in a \u00fas\u00e1idtear ar an l\u00e1ithre\u00e1n seo a chatag\u00f3iri\u00fa mar fhian\u00e1in ch\u00e9adph\u00e1irt\u00ed (arna socr\u00fa ag l\u00e1ithre\u00e1n Gr\u00e9as\u00e1in Town Centre First) n\u00f3 mar fhian\u00e1in tr\u00ed\u00fa p\u00e1irt\u00ed (arna socr\u00fa ag su\u00edomhanna gr\u00e9as\u00e1in eile). F\u00e9adfar iad a bhun\u00fa freisin i gcomhar le r\u00edomhphoist a fhaightear uainn.<\/p>\n<p>T\u00e1 r\u00f3l r\u00edth\u00e1bhachtach ag fian\u00e1in chun d\u2019eisp\u00e9ireas ar an l\u00e1ithre\u00e1n gr\u00e9as\u00e1in a fheabhs\u00fa. \u00c9asca\u00edonn siad \u00e1r dtuiscint ar an gcaoi a nd\u00e9anann daoine nasclean\u00faint ar \u00e1r su\u00edomh, lena n-\u00e1ir\u00edtear na leathanaigh is m\u00f3 a bhfuil t\u00f3ir orthu, rud a chuireann ar \u00e1r gcumas \u00e1r seirbh\u00eds d\u2019\u00fas\u00e1ideoir\u00ed an tsu\u00edmh Ghr\u00e9as\u00e1in a bheacht\u00fa.<\/p>\n<p><strong>Fian\u00e1in a \u00das\u00e1idtear ar an Su\u00edomh seo<\/strong><\/p>\n<p><strong>Fian\u00e1in Riachtanacha:<\/strong>\u00a0T\u00e1 na fian\u00e1in seo f\u00edor-riachtanach chun nasclean\u00faint \u00fas\u00e1ideora a \u00e9asc\u00fa ar fud \u00e1r su\u00edomh Gr\u00e9as\u00e1in. N\u00ed bhail\u00edonn siad faisn\u00e9is a d\u2019fh\u00e9adfa\u00ed a \u00fas\u00e1id chun cr\u00edocha marga\u00edochta, agus n\u00ed choinn\u00edonn siad taifid ar stair do bhrabhs\u00e1la ar an idirl\u00edn. N\u00ed f\u00e9idir an chatag\u00f3ir seo d\u2019fhian\u00e1in a dh\u00edghn\u00edomhacht\u00fa.<\/p>\n<p><strong>Fian\u00e1in Anail\u00edseacha:<\/strong> Bainimid \u00fas\u00e1id as fian\u00e1in Google Analytics chun sonra\u00ed a bhaili\u00fa maidir le hidirghn\u00edomha\u00edochta\u00ed cuairteoir\u00ed len\u00e1r su\u00edomh Gr\u00e9as\u00e1in. Bail\u00edonn na fian\u00e1in seo faisn\u00e9is i bhfoirm chomhioml\u00e1n, a thugann l\u00e9argais luachmhara d\u00fainn ar an gcaoi a n-\u00fas\u00e1idtear \u00e1r su\u00edomh Gr\u00e9as\u00e1in. Cuirimid bearta i bhfeidhm chun seolta\u00ed IP a bheith anaithnid laistigh de Google Analytics, agus d\u00e9antar na sonra\u00ed gan ainm a tharchur chuig freastalaithe at\u00e1 lonnaithe sna St\u00e1it Aontaithe agus a st\u00f3r\u00e1il orthu. F\u00e9adfaidh Google, i gc\u00fains\u00ed \u00e1irithe, an fhaisn\u00e9is seo a roinnt le tr\u00ed\u00fa p\u00e1irtithe de r\u00e9ir mar a shainorda\u00edtear de r\u00e9ir an dl\u00ed n\u00f3 nuair a phr\u00f3ise\u00e1lann tr\u00ed\u00fa p\u00e1irtithe d\u00e1 leith\u00e9id na sonra\u00ed thar ceann Google. Rud at\u00e1 t\u00e1bhachtach, n\u00ed dh\u00e9anfaidh Google do sheoladh IP a chomhghaol\u00fa le haon sonra\u00ed eile at\u00e1 ina sheilbh.<\/p>\n<p>&nbsp;<\/p>\n","protected":false},"excerpt":{"rendered":"<p>Roghanna maidir le Fian\u00e1in R\u00e9amhr T\u00e1 ardmheas againn ar \u00e1r gcuairteoir\u00ed agus chun feidhmi\u00fa barrmhaith l\u00e1ithre\u00e1n Gr\u00e9as\u00e1in Town Centre First a chinnti\u00fa d\u00f3ibh mar aon le heisp\u00e9ireas gan str\u00f3, bainimid \u00fas\u00e1id as comhaid bheaga sonra\u00ed ar a dtugtar fian\u00e1in ar do ghl\u00e9as. Cad is Fian\u00e1n ann? Is \u00e9ard at\u00e1 i bhfian\u00e1n n\u00e1 dl\u00fathchomhad t\u00e9acs a [&hellip;]<\/p>\n","protected":false},"author":6,"featured_media":0,"parent":0,"menu_order":0,"comment_status":"closed","ping_status":"closed","template":"","meta":{"_acf_changed":false,"inline_featured_image":false,"footnotes":""},"class_list":["post-291","page","type-page","status-publish","hentry"],"acf":[],"_links":{"self":[{"href":"https:\/\/towncentrefirst.ie\/ga\/wp-json\/wp\/v2\/pages\/291","targetHints":{"allow":["GET"]}}],"collection":[{"href":"https:\/\/towncentrefirst.ie\/ga\/wp-json\/wp\/v2\/pages"}],"about":[{"href":"https:\/\/towncentrefirst.ie\/ga\/wp-json\/wp\/v2\/types\/page"}],"author":[{"embeddable":true,"href":"https:\/\/towncentrefirst.ie\/ga\/wp-json\/wp\/v2\/users\/6"}],"replies":[{"embeddable":true,"href":"https:\/\/towncentrefirst.ie\/ga\/wp-json\/wp\/v2\/comments?post=291"}],"version-history":[{"count":0,"href":"https:\/\/towncentrefirst.ie\/ga\/wp-json\/wp\/v2\/pages\/291\/revisions"}],"wp:attachment":[{"href":"https:\/\/towncentrefirst.ie\/ga\/wp-json\/wp\/v2\/media?parent=291"}],"curies":[{"name":"wp","href":"https:\/\/api.w.org\/{rel}","templated":true}]}}