{"id":295,"date":"2023-10-04T10:19:02","date_gmt":"2023-10-04T10:19:02","guid":{"rendered":"http:\/\/192.168.1.113\/projects\/towncenter\/leathanach-samplach\/"},"modified":"2024-02-07T11:12:03","modified_gmt":"2024-02-07T11:12:03","slug":"raiteas-inrochtaineachta-2","status":"publish","type":"page","link":"https:\/\/towncentrefirst.ie\/ga\/raiteas-inrochtaineachta-2\/","title":{"rendered":"R\u00e1iteas Inrochtaineachta"},"content":{"rendered":"<p>I Town Centre First, t\u00e1imid tiomanta go daingean d\u2019inrochtaineacht. T\u00e1imid tiomanta do chinnti\u00fa go bhfuil \u00e1r su\u00edomh Gr\u00e9as\u00e1in inrochtana go hioml\u00e1n ag c\u00e1ch, i gcomhr\u00e9ir le Rialach\u00e1in an Aontais Eorpaigh (Inrochtaineacht Su\u00edomhanna Gr\u00e9as\u00e1in agus Feidhmchl\u00e1ir Soghluaiste Comhlachta\u00ed Earn\u00e1la Poibl\u00ed) 2020.\u00a0Baineann an r\u00e1iteas inrochtaineachta seo le <a href=\"http:\/\/www.towncentrefirst.ie\/\">www.towncentrefirst.ie<\/a>\u00a0and\u00a0<a href=\"http:\/\/www.tcf.ie\/\">www.tcf.ie<\/a><\/p>\n<p>B\u00edmid i gc\u00f3na\u00ed ag feabhs\u00fa eisp\u00e9ireas an \u00fas\u00e1ideora do ch\u00e1ch agus ag clo\u00ed leis na caighde\u00e1in inrochtaineachta riachtanacha.<\/p>\n<p><strong>\u00c1r St\u00e1das Inrochtaineachta<\/strong><\/p>\n<p>F\u00e9achann \u00e1r su\u00edomh Gr\u00e9as\u00e1in le caighde\u00e1n 2.1 leibh\u00e9al AA um Threoirl\u00ednte maidir le hInrochtaineacht \u00e1bhair ar an nGr\u00e9as\u00e1n a bhaint amach. C\u00e9 go bhfuil dul chun cinn suntasach d\u00e9anta againn, t\u00e1 s\u00e9 t\u00e1bhachtach a thabhairt faoi deara go bhfuil r\u00e9ims\u00ed ann ina bhfuilimid f\u00f3s ag obair chun comhl\u00edonadh ioml\u00e1n a bhaint amach. Baineann na heilimint\u00ed neamhchomhl\u00edonta seo le doicim\u00e9id PDF \u00e1irithe faoi l\u00e1thair. T\u00e1 \u00e1r bhfoireann i mbun athbhreithnithe agus ag iarraidh inrochtaineacht na gc\u00e1ip\u00e9is\u00ed sin a fheabhs\u00fa, agus t\u00e1 s\u00e9 mar aidhm againn na saincheisteanna seo a r\u00e9iteach chomh tapa agus is f\u00e9idir.<\/p>\n<p><strong>S\u00e9anadh maidir le Naisc Sheachtracha<\/strong><\/p>\n<p>Tabhair faoi deara go bhf\u00e9adfadh naisc le l\u00e1ithre\u00e1in ghr\u00e9as\u00e1in sheachtracha nach bhfuil smacht againn orthu a bheith ar \u00e1r su\u00edomh Gr\u00e9as\u00e1in. N\u00edl Town Centre First freagrach as beartais pr\u00edobh\u00e1ideachais n\u00e1 as \u00e1bhar na su\u00edomhanna gr\u00e9as\u00e1in seachtracha seo.<\/p>\n<p><strong>Aiseolas agus C\u00fanamh<\/strong><\/p>\n<p>T\u00e1 d\u2019aiseolas f\u00edor-luachmhar d\u00e1r dtiomantas lean\u00fanach d\u2019fheabhs\u00fa inrochtaineachta. M\u00e1 thagann t\u00fa ar aon \u00e1bhar ar \u00e1r su\u00edomh Gr\u00e9as\u00e1in, nach f\u00e9idir leat \u00e9 a \u00fas\u00e1id toisc nach bhfuil s\u00e9 inrochtana, d\u00e9an teagmh\u00e1il linn le do thoil. D\u00e9anfaimid gach iarracht freastal ar do riachtanais ar bheala\u00ed eile.<\/p>\n<p><strong>Sonra\u00ed Teagmh\u00e1la maidir le h\u00c1bhair Imn\u00ed faoi Inrochtaineacht:<\/strong><\/p>\n<ul>\n<li><strong>Seoladh:<\/strong>\u00a0Oifigeach Inrochtaineachta, an Ghn\u00edomhaireacht Bainist\u00edochta Rialtais \u00c1iti\u00fail, Teach Rialtais \u00c1iti\u00fail, 35-39 C\u00e9 Uis\u00e9ir, Baile \u00c1tha Cliath 8 D08 H56R.<\/li>\n<li><strong>Guth\u00e1n:<\/strong>\u00a001-6332200<\/li>\n<li>R\u00edomhphost:\u00a0<a href=\"mailto:accessibilityofficer@lgma.ie\">accessibilityofficer@lgma.ie<\/a><\/li>\n<\/ul>\n<p>T\u00e1imid f\u00edor-bhu\u00edoch as bhur gcomhoibri\u00fa agus bhur dtuiscint agus muid ag iarraidh feabhas a chur ar inrochtaineacht \u00e1r su\u00edomh Gr\u00e9as\u00e1in agus eisp\u00e9ireas cuimsitheach ar l\u00edne a shol\u00e1thar do ch\u00e1ch.<\/p>\n","protected":false},"excerpt":{"rendered":"<p>I Town Centre First, t\u00e1imid tiomanta go daingean d\u2019inrochtaineacht. T\u00e1imid tiomanta do chinnti\u00fa go bhfuil \u00e1r su\u00edomh Gr\u00e9as\u00e1in inrochtana go hioml\u00e1n ag c\u00e1ch, i gcomhr\u00e9ir le Rialach\u00e1in an Aontais Eorpaigh (Inrochtaineacht Su\u00edomhanna Gr\u00e9as\u00e1in agus Feidhmchl\u00e1ir Soghluaiste Comhlachta\u00ed Earn\u00e1la Poibl\u00ed) 2020.\u00a0Baineann an r\u00e1iteas inrochtaineachta seo le www.towncentrefirst.ie\u00a0and\u00a0www.tcf.ie B\u00edmid i gc\u00f3na\u00ed ag feabhs\u00fa eisp\u00e9ireas an \u00fas\u00e1ideora do [&hellip;]<\/p>\n","protected":false},"author":6,"featured_media":0,"parent":0,"menu_order":0,"comment_status":"closed","ping_status":"open","template":"","meta":{"_acf_changed":false,"inline_featured_image":false,"footnotes":""},"class_list":["post-295","page","type-page","status-publish","hentry"],"acf":[],"_links":{"self":[{"href":"https:\/\/towncentrefirst.ie\/ga\/wp-json\/wp\/v2\/pages\/295","targetHints":{"allow":["GET"]}}],"collection":[{"href":"https:\/\/towncentrefirst.ie\/ga\/wp-json\/wp\/v2\/pages"}],"about":[{"href":"https:\/\/towncentrefirst.ie\/ga\/wp-json\/wp\/v2\/types\/page"}],"author":[{"embeddable":true,"href":"https:\/\/towncentrefirst.ie\/ga\/wp-json\/wp\/v2\/users\/6"}],"replies":[{"embeddable":true,"href":"https:\/\/towncentrefirst.ie\/ga\/wp-json\/wp\/v2\/comments?post=295"}],"version-history":[{"count":0,"href":"https:\/\/towncentrefirst.ie\/ga\/wp-json\/wp\/v2\/pages\/295\/revisions"}],"wp:attachment":[{"href":"https:\/\/towncentrefirst.ie\/ga\/wp-json\/wp\/v2\/media?parent=295"}],"curies":[{"name":"wp","href":"https:\/\/api.w.org\/{rel}","templated":true}]}}