{"id":302,"date":"2023-10-05T06:22:23","date_gmt":"2023-10-05T06:22:23","guid":{"rendered":"http:\/\/192.168.1.113\/projects\/towncenter\/polasai-fianan\/"},"modified":"2024-02-07T11:01:18","modified_gmt":"2024-02-07T11:01:18","slug":"beartas-maidir-le-fianain","status":"publish","type":"page","link":"https:\/\/towncentrefirst.ie\/ga\/beartas-maidir-le-fianain\/","title":{"rendered":"Beartas maidir le Fian\u00e1in"},"content":{"rendered":"<h6>R\u00e9amhr\u00e1<\/h6>\n<p>F\u00e1ilte romhat chuig beartas Fian\u00e1n de chuid l\u00e1ithre\u00e1n Gr\u00e9as\u00e1in Town Centre First. Sa bheartas seo, gheobhaidh t\u00fa faisn\u00e9is mhionsonraithe faoi \u00fas\u00e1id na bhfian\u00e1n ar \u00e1r su\u00edomh Gr\u00e9as\u00e1in, lena n-\u00e1ir\u00edtear na cine\u00e1lacha fian\u00e1in a \u00fas\u00e1idimid, a r\u00e9, a gcusp\u00f3ir\u00ed, agus conas is f\u00e9idir leat do shocruithe maidir le fian\u00e1in a bhainisti\u00fa. M\u00e1 t\u00e1 aon cheist n\u00f3 imn\u00ed ort, n\u00e1 b\u00edodh leisce ort teagmh\u00e1il a dh\u00e9anamh linn; t\u00e1 \u00e1r bhfaisn\u00e9is teagmh\u00e1la tugtha th\u00edos.<br \/>\nNuair a \u00fas\u00e1idimid t\u00e9arma\u00ed mar \u201csinn\u201d, \u201cmuid,\u201d n\u00f3 \u201c\u00e1r,\u201d is ag tagairt don Ghn\u00edomhaireacht Bainist\u00edochta Rialtais \u00c1iti\u00fail (GBR\u00c1) a bh\u00edonn muid, agus is f\u00e9idir leat sonra\u00ed \u00e1r gcuideachta a fh\u00e1il ag bun an bheartais seo. Is mar an rialt\u00f3ir sonra\u00ed a bh\u00edonn muid ag feidhmi\u00fa don fhaisn\u00e9is a bhail\u00edtear tr\u00ed \u00fas\u00e1id a bhaint as fian\u00e1in ar \u00e1r su\u00edomh Gr\u00e9as\u00e1in.<br \/>\nT\u00e1 \u00e1r su\u00edomh Gr\u00e9as\u00e1in suite ag www.towncentrefirst.ie agus www.tcf.ie, lena n-\u00e1ir\u00edtear a fho-fhearainn, agus t\u00e1imid freagrach as a fheidhmi\u00fa.<br \/>\nNuair a luaimid \u201ct\u00fa\u201d, \u201cth\u00fa\u201d, \u201cort\u201d, \u201cleat\u201d srl. b\u00edmid ag labhairt leat mar chuairteoir ar \u00e1r l\u00e1ithre\u00e1n gr\u00e9as\u00e1in.<br \/>\nIs cuid l\u00e1rnach d\u00e1r mbeartas pr\u00edobh\u00e1ideachta \u00e9 an beartas seo, mar go bhf\u00e9adfadh pr\u00f3ise\u00e1il do shonra\u00ed pearsanta a bheith i gceist san \u00fas\u00e1id a bhainimid as fian\u00e1in. Molaimid duit athbhreithni\u00fa a dh\u00e9anamh ar \u00e1r bpolasa\u00ed pr\u00edobh\u00e1ideachais le haghaidh faisn\u00e9ise breise, at\u00e1 ar f\u00e1il ag Beartas Pr\u00edobh\u00e1ideachta.<\/p>\n<h6>Toili\u00fa<\/h6>\n<p>Tr\u00ed ghlacadh le h\u00fas\u00e1id na bhfian\u00e1n, seachas na fian\u00e1in riachtanacha, tugann t\u00fa cead d\u00fainn fian\u00e1in a \u00fas\u00e1id mar at\u00e1 leagtha amach sa chuid th\u00edos \u201cCine\u00e1lacha fian\u00e1in agus conas a \u00fas\u00e1idimid iad\u201d. T\u00e1 an rogha agat do thoili\u00fa maidir le fian\u00e1in a mhodhn\u00fa n\u00f3 a tharraingt siar ag am ar bith; f\u00e9ach le do thoil ar an gcuid \u201cConas is f\u00e9idir leat do shocruithe fian\u00e1n a athr\u00fa, lena n-\u00e1ir\u00edtear d\u00edliost\u00e1il\u201d le haghaidh treoracha.<\/p>\n<h6>Fian\u00e1in a Thuiscint<\/h6>\n<p>T\u00e1 cine\u00e1lacha \u00e9ags\u00fala fian\u00e1n ann agus b\u00edonn cusp\u00f3ir\u00ed \u00e9ags\u00fala acu. Anseo th\u00edos, gheobhaidh t\u00fa eolas ar cad is fian\u00e1in ann, na hidirdhealuithe idir fian\u00e1in ch\u00e9ad ph\u00e1irt\u00ed agus tr\u00ed\u00fa p\u00e1irt\u00ed, agus an idirdheal\u00fa idir fian\u00e1in seisi\u00fan agus fian\u00e1in mharthanacha, chomh maith leis na cine\u00e1lacha fian\u00e1in a \u00fas\u00e1idimid agus na f\u00e1thanna bh\u00edonn siad againn.<\/p>\n<h6>Cad is Fian\u00e1n ann?<\/h6>\n<p>Is \u00e9ard is fian\u00e1n ann n\u00e1 p\u00edosa beag sonra\u00ed a st\u00f3r\u00e1lann su\u00edomh Gr\u00e9as\u00e1in ar do ghl\u00e9as nuair a thugann t\u00fa cuairt air, agus a fhaightear ar ais \u00e9 uair a fhilleann t\u00fa ar an su\u00edomh. I gcomhth\u00e9acs an bheartais seo, cuims\u00edonn an t\u00e9arma \u201cfian\u00e1n\u201d foirmeacha eile de bhaili\u00fa uathoibr\u00edoch sonra\u00ed, ar n\u00f3s fian\u00e1in Flash (Cusp\u00f3ir\u00ed Comhroinnte \u00c1iti\u00fala), St\u00f3r\u00e1il Gr\u00e9as\u00e1in (HTML5), Javascripts, n\u00f3 fian\u00e1in a sheolann bogearra\u00ed eile isteach.<br \/>\nF\u00e9adfaidh sonra\u00ed faoin su\u00edomh Gr\u00e9as\u00e1in f\u00e9in a bheith i bhfian\u00e1n, aitheant\u00f3ir uath\u00fail a chuireann ar chumas an tsu\u00edmh do bhrabhs\u00e1la\u00ed gr\u00e9as\u00e1in a aithint nuair a thugann t\u00fa cuairt air ina dhiaidh sin, sonra\u00ed breise a fhreastala\u00edonn ar chusp\u00f3ir an fhian\u00e1n, agus saolr\u00e9 an fhian\u00e1in.<br \/>\nCuims\u00edonn an t\u00e9arma \u201cfian\u00e1in\u201d n\u00f3 \u201csonra\u00ed fian\u00e1n\u201d freisin faisn\u00e9is faoi sheolta\u00ed IP agus MAC agus sonra\u00ed eile a bhaineann le gl\u00e9as agus a bhail\u00edonn na teicneola\u00edochta\u00ed seo.<br \/>\n\u00das\u00e1idtear fian\u00e1in le haghaidh feidhmeanna \u00e9ags\u00fala, lena n-\u00e1ir\u00edtear gn\u00e9ithe cumas\u00fach\u00e1in (m.sh. cumas um log\u00e1il isteach), \u00fas\u00e1id an tsu\u00edmh a rian\u00fa (m.sh. anail\u00eds\u00edocht), socruithe \u00fas\u00e1ideora a choinne\u00e1il (m.sh. crios ama, sainroghanna f\u00f3gra\u00ed), agus pearsan\u00fa \u00e1bhair (m.sh. f\u00f3gra\u00edocht agus teanga).<\/p>\n<h6><strong>Fian\u00e1in Sheisi\u00fain seachas Fian\u00e1in Sheasmhacha<\/strong><\/h6>\n<p>Is fian\u00e1in sheisi\u00fan sealadach iad agus n\u00ed fhanann siad gn\u00edomhach ach amh\u00e1in le linn do sheisi\u00fain ar l\u00edne, agus im\u00edonn siad \u00f3 do ghl\u00e9as nuair a dh\u00fanann t\u00fa do bhrabhs\u00e1la\u00ed. \u00das\u00e1idtear iad go hiond\u00fail chun cuimhneamh ar mh\u00edreanna i do chise\u00e1n ar l\u00edne agus t\u00fa ag siopad\u00f3ireacht ar shu\u00edomh Gr\u00e9as\u00e1in.<br \/>\nOs a choinne sin, is fada buan fian\u00e1in marthanacha agus fanann siad ar do ghl\u00e9as fi\u00fa tar \u00e9is duit do bhrabhs\u00e1la\u00ed a dh\u00fanadh, agus t\u00e9ann siad in \u00e9ag de r\u00e9ir an ama at\u00e1 sonraithe san fhian\u00e1n. T\u00e1 tr\u00e9imhs\u00ed sonracha do gach fian\u00e1n marthanach ar f\u00e1il th\u00edos.<\/p>\n<h6><strong>Fian\u00e1in Ch\u00e9ad Ph\u00e1irt\u00ed seachas\u00a0 Fian\u00e1in Tr\u00ed\u00fa P\u00e1irt\u00ed<\/strong><\/h6>\n<p>Socra\u00edonn an su\u00edomh Gr\u00e9as\u00e1in a bhfuil t\u00fa ag tabhairt cuairt air faoi l\u00e1thair fian\u00e1in c\u00e9ad ph\u00e1irt\u00ed, agus n\u00ed f\u00e9idir ach leis an su\u00edomh Gr\u00e9as\u00e1in sin na fian\u00e1in sin a rochtain agus a l\u00e9amh.<br \/>\nSocra\u00edonn eintitis eile seachas \u00fain\u00e9ir an tsu\u00edmh Ghr\u00e9as\u00e1in a bhfuil t\u00fa ag tabhairt cuairte air fian\u00e1in tr\u00ed\u00fa p\u00e1irt\u00ed. Mar shampla, d\u2019fh\u00e9adfadh inneachar \u00f3 fhoins\u00ed seachtracha amhail YouTube a bheith sna leathanaigh, ar f\u00e9idir leo a bhfian\u00e1in f\u00e9in a shocr\u00fa ar do bhrabhs\u00e1la\u00ed nuair a fh\u00e9achann t\u00fa ar fh\u00edse\u00e1n. Is f\u00e9idir le fian\u00e1in \u00f3 shu\u00edomhanna agus cuideachta\u00ed eile (.i. tr\u00ed\u00fa p\u00e1irtithe) do ghn\u00edomha\u00edocht a rian\u00fa ar shu\u00edomhanna gr\u00e9as\u00e1in a \u00fas\u00e1ideann an tseirbh\u00eds tr\u00ed\u00fa p\u00e1irt\u00ed c\u00e9anna.<br \/>\nD\u2019fh\u00e9adfaimis comhoibri\u00fa le tr\u00ed\u00fa p\u00e1irtithe maidir le cothabh\u00e1il, oibri\u00fa, forbairt n\u00f3 feidhmi\u00falacht an tsu\u00edmh Ghr\u00e9as\u00e1in, amhail sol\u00e1thraithe anail\u00edse agus comhph\u00e1irtithe \u00e1bhair. Cuirimid faisn\u00e9is roghnaithe ar f\u00e1il do na tr\u00ed\u00fa p\u00e1irtithe seo chun tascanna sonracha a dh\u00e9anamh ar \u00e1r son.<br \/>\nMar chleachtas ginear\u00e1lta, d\u00e9anaimid comhrial\u00fa le sol\u00e1thraithe fian\u00e1in tr\u00ed\u00fa p\u00e1irt\u00ed chun sonra\u00ed pearsanta a bhaili\u00fa tr\u00ed fhian\u00e1in den s\u00f3rt sin agus a \u00fas\u00e1id ina dhiaidh sin. Feidhm\u00edonn sol\u00e1thra\u00ed fian\u00e1in tr\u00ed\u00fa p\u00e1irt\u00ed mar an rialaitheoir sonra\u00ed a luaithe a fhaigheann s\u00e9 na sonra\u00ed pearsanta uainn. T\u00e1 faisn\u00e9is bhreise faoi mh\u00e9id \u00e1r gcomhrial\u00fa le sol\u00e1thraithe fian\u00e1n tr\u00ed\u00fa p\u00e1irt\u00ed ar f\u00e1il in\u00e1r mbeartas pr\u00edobh\u00e1ideachais.<\/p>\n<p><strong>Cine\u00e1lacha Fian\u00e1n agus Conas a \u00das\u00e1idtear iad<\/strong><\/p>\n<h6><strong>Fian\u00e1in Riachtanacha <\/strong><\/h6>\n<p>N\u00ed m\u00f3r fian\u00e1in riachtanacha a bheith ann d\u2019fheidhmi\u00falacht l\u00e1rnach \u00e1r su\u00edmh Gr\u00e9as\u00e1in. Bainimid \u00fas\u00e1id as na fian\u00e1in seo le gur f\u00e9idir leat log\u00e1il isteach, rud a chuireann \u00e1isi\u00falacht ar f\u00e1il tr\u00ed gan a iarraidh ort d\u2019ainm \u00fas\u00e1ideora agus do phasfhocal a chur isteach ach uair amh\u00e1in le linn do chuairte.<br \/>\n\u00c9asca\u00edonn na fian\u00e1in seo freisin do shainroghanna toilithe le haghaidh fian\u00e1in, rud a ligeann duit glacadh le fian\u00e1in neamhriachtanacha n\u00f3 di\u00falt\u00fa d\u00f3ibh. Cuimhn\u00edonn siad ar do shocruithe agus roghanna maidir le fian\u00e1in. B\u00edonn r\u00f3l ag fian\u00e1in riachtanacha freisin maidir le s\u00fail a choinne\u00e1il ar c\u00e9 acu ar thoiligh n\u00f3 ar thoiligh t\u00fa le fian\u00e1in anail\u00edseacha, le t\u00e9arma\u00ed agus coinn\u00edollacha, agus le marga\u00edocht r\u00edomhphoist.<br \/>\nN\u00ed m\u00f3r fian\u00e1in riachtanacha a bheith ann chun feidhmi\u00falacht an tsu\u00edmh Ghr\u00e9as\u00e1in seo a chinnti\u00fa, agus n\u00ed f\u00e9idir di\u00falt\u00fa d\u00f3ibh.<\/p>\n","protected":false},"excerpt":{"rendered":"<p>R\u00e9amhr\u00e1 F\u00e1ilte romhat chuig beartas Fian\u00e1n de chuid l\u00e1ithre\u00e1n Gr\u00e9as\u00e1in Town Centre First. Sa bheartas seo, gheobhaidh t\u00fa faisn\u00e9is mhionsonraithe faoi \u00fas\u00e1id na bhfian\u00e1n ar \u00e1r su\u00edomh Gr\u00e9as\u00e1in, lena n-\u00e1ir\u00edtear na cine\u00e1lacha fian\u00e1in a \u00fas\u00e1idimid, a r\u00e9, a gcusp\u00f3ir\u00ed, agus conas is f\u00e9idir leat do shocruithe maidir le fian\u00e1in a bhainisti\u00fa. M\u00e1 t\u00e1 aon cheist [&hellip;]<\/p>\n","protected":false},"author":6,"featured_media":0,"parent":0,"menu_order":0,"comment_status":"closed","ping_status":"closed","template":"","meta":{"_acf_changed":false,"inline_featured_image":false,"footnotes":""},"class_list":["post-302","page","type-page","status-publish","hentry"],"acf":[],"_links":{"self":[{"href":"https:\/\/towncentrefirst.ie\/ga\/wp-json\/wp\/v2\/pages\/302","targetHints":{"allow":["GET"]}}],"collection":[{"href":"https:\/\/towncentrefirst.ie\/ga\/wp-json\/wp\/v2\/pages"}],"about":[{"href":"https:\/\/towncentrefirst.ie\/ga\/wp-json\/wp\/v2\/types\/page"}],"author":[{"embeddable":true,"href":"https:\/\/towncentrefirst.ie\/ga\/wp-json\/wp\/v2\/users\/6"}],"replies":[{"embeddable":true,"href":"https:\/\/towncentrefirst.ie\/ga\/wp-json\/wp\/v2\/comments?post=302"}],"version-history":[{"count":0,"href":"https:\/\/towncentrefirst.ie\/ga\/wp-json\/wp\/v2\/pages\/302\/revisions"}],"wp:attachment":[{"href":"https:\/\/towncentrefirst.ie\/ga\/wp-json\/wp\/v2\/media?parent=302"}],"curies":[{"name":"wp","href":"https:\/\/api.w.org\/{rel}","templated":true}]}}